{"id":5481,"date":"2024-02-01T10:57:52","date_gmt":"2024-02-01T15:57:52","guid":{"rendered":"https:\/\/whhs.hallco.org\/web\/?page_id=5481"},"modified":"2025-12-06T09:21:19","modified_gmt":"2025-12-06T14:21:19","slug":"health","status":"publish","type":"page","link":"https:\/\/whhs.hallco.org\/web\/health\/","title":{"rendered":"Health and Immunization Information"},"content":{"rendered":"\n<style type=\"text\/css\" data-created_by=\"avia_inline_auto\" id=\"style-css-av-292po9-d586b4b9ea267919759152fad96f13bd\">\n.avia-section.av-292po9-d586b4b9ea267919759152fad96f13bd{\nbackground-color:#0e233e;\nbackground-image:unset;\n}\n<\/style>\n<div id='av_section_1'  class='avia-section av-292po9-d586b4b9ea267919759152fad96f13bd main_color avia-section-default avia-no-border-styling  avia-builder-el-0  el_before_av_three_fifth  avia-builder-el-first  avia-bg-style-scroll container_wrap fullsize'  ><div class='container av-section-cont-open' ><main  role=\"main\" itemprop=\"mainContentOfPage\"  class='template-page content  av-content-full alpha units'><div class='post-entry post-entry-type-page post-entry-5481'><div class='entry-content-wrapper clearfix'>\n\n<style type=\"text\/css\" data-created_by=\"avia_inline_auto\" id=\"style-css-av-ls3hdd9i-94b908a39c43699d2cf645c8a252690c\">\n#top .av_textblock_section.av-ls3hdd9i-94b908a39c43699d2cf645c8a252690c .avia_textblock{\ncolor:#ffffff;\n}\n<\/style>\n<section  class='av_textblock_section av-ls3hdd9i-94b908a39c43699d2cf645c8a252690c '   itemscope=\"itemscope\" itemtype=\"https:\/\/schema.org\/CreativeWork\" ><div class='avia_textblock av_inherit_color'  itemprop=\"text\" ><h1 style=\"text-align: center;\">Health and Immunization Information<\/h1>\n<\/div><\/section>\n<\/div><\/div><\/main><!-- close content main element --><\/div><\/div><div id='after_section_1'  class='main_color av_default_container_wrap container_wrap fullsize'  ><div class='container av-section-cont-open' ><div class='template-page content  av-content-full alpha units'><div class='post-entry post-entry-type-page post-entry-5481'><div class='entry-content-wrapper clearfix'>\n<div  class='flex_column av-3w8k21-4f15297bde3936dd5a5ce47d6ab027c6 av_three_fifth  avia-builder-el-2  el_after_av_section  el_before_av_two_fifth  avia-builder-el-first  first flex_column_div  '     ><section  class='av_textblock_section av-ls3h9e61-1fd4031530e4e91a784085636089f743 '   itemscope=\"itemscope\" itemtype=\"https:\/\/schema.org\/CreativeWork\" ><div class='avia_textblock'  itemprop=\"text\" ><h2 style=\"text-align: center;\">11th Grade Vaccination Requirements<\/h2>\n<\/div><\/section><br \/>\n\n<style type=\"text\/css\" data-created_by=\"avia_inline_auto\" id=\"style-css-av-ls3h5jfy-120cd9e2bb3aa8cd0d674c4a1c4a2ca9\">\n#top .av_textblock_section.av-ls3h5jfy-120cd9e2bb3aa8cd0d674c4a1c4a2ca9 .avia_textblock{\nfont-size:12px;\n}\n<\/style>\n<section  class='av_textblock_section av-ls3h5jfy-120cd9e2bb3aa8cd0d674c4a1c4a2ca9 '   itemscope=\"itemscope\" itemtype=\"https:\/\/schema.org\/CreativeWork\" ><div class='avia_textblock'  itemprop=\"text\" ><p>Parents\/Guardians of 11th Grade Students<\/p>\n<p><strong>Students 16 years of age and older, who are entering the 11th grade (including new entrants and virtual students), ARE REQUIRED BY LAW TO SHOW PROOF OF THE FOLLOWING NEW REQUIREMENTS:<\/strong><\/p>\n<ul>\n<li style=\"font-weight: 400;\" aria-level=\"1\"><strong>One booster dose of the meningococcal conjugate (MCV4) vaccination<\/strong><\/li>\n<\/ul>\n<p><span style=\"font-weight: 400;\">Please provide a <\/span><span style=\"font-weight: 400;\">NEW Georgia Immunization Form 3231 (7\/2020)<\/span><span style=\"font-weight: 400;\"> for your child\u2019s high school prior to or upon entry.<\/span><\/p>\n<p><span style=\"font-weight: 400;\">To get the form, contact your primary care provider or health department. <\/span><span style=\"font-weight: 400;\">Your child WILL NOT be able to stay enrolled in the 11th grade without this new 3231 form. <\/span><span style=\"font-weight: 400;\">Avoid the rush. <\/span><span style=\"font-weight: 400;\">For more information please contact your school nurse.\u00a0<\/span><\/p>\n<\/div><\/section><br \/>\n\n<style type=\"text\/css\" data-created_by=\"avia_inline_auto\" id=\"style-css-av-ls3h6qz9-d645fc165c7f8c2218e1022f0f2bdef7\">\n#top .av_textblock_section.av-ls3h6qz9-d645fc165c7f8c2218e1022f0f2bdef7 .avia_textblock{\nfont-size:12px;\n}\n<\/style>\n<section  class='av_textblock_section av-ls3h6qz9-d645fc165c7f8c2218e1022f0f2bdef7 '   itemscope=\"itemscope\" itemtype=\"https:\/\/schema.org\/CreativeWork\" ><div class='avia_textblock'  itemprop=\"text\" ><p><span style=\"font-weight: 400;\">Carta de inmunizaci\u00f3n para padres\/tutores de 11\u00b0 grado<\/span><\/p>\n<p><strong>Los estudiantes de 16 a\u00f1os de edad y mayores que ingresan al grado 11 (incluidos los nuevos participantes y los estudiantes virtuales) EST\u00c1N REQUERIDOS POR LEY A MOSTRAR PRUEBA DE LOS SIGUIENTES NUEVOS REQUISITOS:<\/strong><\/p>\n<ul>\n<li><strong> Una dosis de refuerzo de la vacuna meningoc\u00f3cica conjugada (MCV4)<\/strong><\/li>\n<\/ul>\n<p><span style=\"font-weight: 400;\">Proporcione un <\/span><span style=\"font-weight: 400;\">NUEVO formulario de inmunizaci\u00f3n de Georgia 3231 (7\/2020)<\/span><span style=\"font-weight: 400;\"> para la escuela secundaria de su hijo antes o al ingresar.<\/span><\/p>\n<p><span style=\"font-weight: 400;\">Para obtener el formulario, comun\u00edquese con su proveedor de atenci\u00f3n primaria o el departamento de salud.<\/span><\/p>\n<p><span style=\"font-weight: 400;\">Su hijo NO podr\u00e1 permanecer inscrito en el grado 11 sin este nuevo formulario 3231.<\/span><span style=\"font-weight: 400;\"> Evite las prisas. <\/span><span style=\"font-weight: 400;\">No esperes hasta agosto. Obtenga el formulario de su hijo lo antes posible para evitar demoras. <\/span><span style=\"font-weight: 400;\">Para obtener m\u00e1s informaci\u00f3n, comun\u00edquese con la enfermera de su escuela.\u00a0<\/span><span style=\"font-weight: 400;\">Gracias por su atenci\u00f3n a este asunto.<\/span><\/p>\n<\/div><\/section><br \/>\n<div  class='avia-button-wrap av-ls3fg6yz-13f5453c87ca48be97eb348d03a1d20d-wrap avia-button-center  avia-builder-el-6  el_after_av_textblock  el_before_av_button '><a href='https:\/\/lor2.gadoe.org\/gadoe\/file\/68bc9af3-464b-4b76-841e-8f76b2de1ec2\/1\/Diabetes_Factsheet_relFINAL7.31_2.pdf'  class='avia-button av-ls3fg6yz-13f5453c87ca48be97eb348d03a1d20d av-link-btn avia-icon_select-no avia-size-small avia-position-center avia-color-theme-color'  target=\"_blank\"  rel=\"noopener noreferrer\"  aria-label=\"Diabetes: Parents\u2019 Guide (ga.doe.org)\"><span class='avia_iconbox_title' >Diabetes: Parents\u2019 Guide (ga.doe.org)<\/span><\/a><\/div><br \/>\n<div  class='avia-button-wrap av-m0y2goqv-7d9d3ab2e05df1add865ca19a04c3a70-wrap avia-button-center  avia-builder-el-7  el_after_av_button  el_before_av_button '><a href='https:\/\/lor2.gadoe.org\/gadoe\/file\/68bc9af3-464b-4b76-841e-8f76b2de1ec2\/1\/Diabetes_Factsheet_SPA_releaseFINAL8.15.pdf'  class='avia-button av-m0y2goqv-7d9d3ab2e05df1add865ca19a04c3a70 av-link-btn avia-icon_select-no avia-size-small avia-position-center avia-color-theme-color'  target=\"_blank\"  rel=\"noopener noreferrer\"  aria-label=\"Diabetes: Gu\u00eda para padres (ga.doe.org)\"><span class='avia_iconbox_title' >Diabetes: Gu\u00eda para padres (ga.doe.org)<\/span><\/a><\/div><br \/>\n<div  class='avia-button-wrap av-m8nc3uhk-6ef023bbb2c2de15a3d57bc723cd0767-wrap avia-button-center  avia-builder-el-8  el_after_av_button  el_before_av_button '><a href='https:\/\/whhs.hallco.org\/web\/wp-content\/uploads\/2025\/03\/Meningitis-Vaccine-Parent-Letter-04012021.pdf'  class='avia-button av-m8nc3uhk-6ef023bbb2c2de15a3d57bc723cd0767 av-download-btn noLightbox avia-icon_select-no avia-size-small avia-position-center avia-color-theme-color' download  aria-label=\"Meningitis Vaccine Letter - English\"><span class='avia_iconbox_title' >Meningitis Vaccine Letter - English<\/span><\/a><\/div><br \/>\n<div  class='avia-button-wrap av-m8nc67gq-418d684682c37ef15a9f578b97ebfa99-wrap avia-button-center  avia-builder-el-9  el_after_av_button  avia-builder-el-last '><a href='https:\/\/whhs.hallco.org\/web\/wp-content\/uploads\/2025\/03\/Meningitis-Vaccine-Parent-Letter-Spanish.pdf'  class='avia-button av-m8nc67gq-418d684682c37ef15a9f578b97ebfa99 av-download-btn noLightbox avia-icon_select-no avia-size-small avia-position-center avia-color-theme-color' download  aria-label=\"Meningitis Vaccine Letter - Spanish\"><span class='avia_iconbox_title' >Meningitis Vaccine Letter - Spanish<\/span><\/a><\/div><\/p><\/div><div  class='flex_column av-324nzt-6d9e0cefd5a16ef63a1826e79e39eee3 av_two_fifth  avia-builder-el-10  el_after_av_three_fifth  avia-builder-el-last  flex_column_div  '     ><p><section  class='av_textblock_section av-ls3eja4h-73ad759db9871363a0e9b8e70182c594 '   itemscope=\"itemscope\" itemtype=\"https:\/\/schema.org\/CreativeWork\" ><div class='avia_textblock'  itemprop=\"text\" ><p>If you have questions or need to update immunization information, contact our school nurse!<\/p>\n<p>Kate Martin, RN<\/p>\n<p>kate.martin@hallco.org<\/p>\n<p>770-967-9826<\/p>\n<\/div><\/section><br \/>\n<div  class='hr av-378kd5-212e33a8c1926fd24dc41563345b80d4 hr-default  avia-builder-el-12  el_after_av_textblock  el_before_av_button '><span class='hr-inner '><span class=\"hr-inner-style\"><\/span><\/span><\/div><br \/>\n<div  class='avia-button-wrap av-ls3fez7z-ebf4deefdc41bcfcd7c21a297e537422-wrap avia-button-center  avia-builder-el-13  el_after_av_hr  el_before_av_button '><a href='https:\/\/dph.georgia.gov\/schoolvaccines'  class='avia-button av-ls3fez7z-ebf4deefdc41bcfcd7c21a297e537422 av-link-btn avia-icon_select-no avia-size-small avia-position-center avia-color-theme-color'  target=\"_blank\"  rel=\"noopener noreferrer\"  aria-label=\"School Vaccine Updates (Department of Public Health link)\"><span class='avia_iconbox_title' >School Vaccine Updates (Department of Public Health link)<\/span><\/a><\/div><br \/>\n<div  class='avia-button-wrap av-3a7ayh-6b4100f7c72537d5ea9bbc236846ca10-wrap avia-button-center  avia-builder-el-14  el_after_av_button  el_before_av_button '><a href='https:\/\/www.cdc.gov\/vaccines\/vpd\/mening\/public\/index.html'  class='avia-button av-3a7ayh-6b4100f7c72537d5ea9bbc236846ca10 av-link-btn avia-icon_select-no avia-size-small avia-position-center avia-color-theme-color'  target=\"_blank\"  rel=\"noopener noreferrer\"  aria-label=\"Meningococcal Vaccination (CDC link)\"><span class='avia_iconbox_title' >Meningococcal Vaccination (CDC link)<\/span><\/a><\/div><br \/>\n<div  class='avia-button-wrap av-ls3fhadj-131b83eb6072286312bfa724e93b89b0-wrap avia-button-center  avia-builder-el-15  el_after_av_button  el_before_av_image '><a href='https:\/\/www.cdc.gov\/vaccines\/schedules\/downloads\/teen\/parent-version-schedule-7-18yrs.pdf'  class='avia-button av-ls3fhadj-131b83eb6072286312bfa724e93b89b0 av-link-btn avia-icon_select-no avia-size-small avia-position-center avia-color-theme-color'  target=\"_blank\"  rel=\"noopener noreferrer\"  aria-label=\"Recommended Immunizations for Ages 7-18 (CDC)\"><span class='avia_iconbox_title' >Recommended Immunizations for Ages 7-18 (CDC)<\/span><\/a><\/div><br \/>\n\n<style type=\"text\/css\" data-created_by=\"avia_inline_auto\" id=\"style-css-av-ls3fcbwy-bd5927e100ff064d0b965cbb68d23ae3\">\n.avia-image-container.av-ls3fcbwy-bd5927e100ff064d0b965cbb68d23ae3 img.avia_image{\nbox-shadow:none;\n}\n.avia-image-container.av-ls3fcbwy-bd5927e100ff064d0b965cbb68d23ae3 .av-image-caption-overlay-center{\ncolor:#ffffff;\n}\n<\/style>\n<div  class='avia-image-container av-ls3fcbwy-bd5927e100ff064d0b965cbb68d23ae3 av-styling- avia-align-center  avia-builder-el-16  el_after_av_button  avia-builder-el-last '   itemprop=\"image\" itemscope=\"itemscope\" itemtype=\"https:\/\/schema.org\/ImageObject\" ><div class=\"avia-image-container-inner\"><div class=\"avia-image-overlay-wrap\"><img decoding=\"async\" fetchpriority=\"high\" class='wp-image-5498 avia-img-lazy-loading-not-5498 avia_image ' src=\"https:\/\/whhs.hallco.org\/web\/wp-content\/uploads\/2024\/02\/MCV4-flier.png\" alt='' title='MCV4 flier'  height=\"679\" width=\"768\"  itemprop=\"thumbnailUrl\" srcset=\"https:\/\/whhs.hallco.org\/web\/wp-content\/uploads\/2024\/02\/MCV4-flier.png 768w, https:\/\/whhs.hallco.org\/web\/wp-content\/uploads\/2024\/02\/MCV4-flier-300x265.png 300w, https:\/\/whhs.hallco.org\/web\/wp-content\/uploads\/2024\/02\/MCV4-flier-705x623.png 705w\" sizes=\"(max-width: 768px) 100vw, 768px\" \/><\/div><\/div><\/div><\/p><\/div><\/p>\n","protected":false},"excerpt":{"rendered":"","protected":false},"author":6,"featured_media":0,"parent":0,"menu_order":0,"comment_status":"closed","ping_status":"closed","template":"","meta":{"_monsterinsights_skip_tracking":false,"_monsterinsights_sitenote_active":false,"_monsterinsights_sitenote_note":"","_monsterinsights_sitenote_category":0,"footnotes":""},"class_list":["post-5481","page","type-page","status-publish","hentry"],"_links":{"self":[{"href":"https:\/\/whhs.hallco.org\/web\/wp-json\/wp\/v2\/pages\/5481","targetHints":{"allow":["GET"]}}],"collection":[{"href":"https:\/\/whhs.hallco.org\/web\/wp-json\/wp\/v2\/pages"}],"about":[{"href":"https:\/\/whhs.hallco.org\/web\/wp-json\/wp\/v2\/types\/page"}],"author":[{"embeddable":true,"href":"https:\/\/whhs.hallco.org\/web\/wp-json\/wp\/v2\/users\/6"}],"replies":[{"embeddable":true,"href":"https:\/\/whhs.hallco.org\/web\/wp-json\/wp\/v2\/comments?post=5481"}],"version-history":[{"count":5,"href":"https:\/\/whhs.hallco.org\/web\/wp-json\/wp\/v2\/pages\/5481\/revisions"}],"predecessor-version":[{"id":6037,"href":"https:\/\/whhs.hallco.org\/web\/wp-json\/wp\/v2\/pages\/5481\/revisions\/6037"}],"wp:attachment":[{"href":"https:\/\/whhs.hallco.org\/web\/wp-json\/wp\/v2\/media?parent=5481"}],"curies":[{"name":"wp","href":"https:\/\/api.w.org\/{rel}","templated":true}]}}